{"id":132,"date":"2014-11-29T23:05:55","date_gmt":"2014-11-29T22:05:55","guid":{"rendered":"http:\/\/wahlberget.se\/?page_id=132"},"modified":"2025-06-06T11:00:42","modified_gmt":"2025-06-06T09:00:42","slug":"parkering","status":"publish","type":"page","link":"https:\/\/wahlberget.se\/?page_id=132","title":{"rendered":"Parkering"},"content":{"rendered":"<p>Brf Wahlberget tillhandah\u00e5ller 12 parkeringsplatser f\u00f6r medlemmar och externa hyresg\u00e4ster. Vill du vara s\u00e4ker p\u00e5 att alltid ha en plats i n\u00e4rheten av din bostad rekommenderar vi att du <a href=\"mailto:styrelsen@wahlberget.se\">kontaktar<\/a> oss! F\u00f6r n\u00e4rvarande \u00e4r det v\u00e4ntlista d\u00e5 vi inte har n\u00e5gra lediga parkeringsplatser.<\/p>\n<p>Medlemmar i Brf Wahlberget betalar 400 kronor i m\u00e5naden och externa hyresg\u00e4ster betalar 800 kronor i m\u00e5naden.<\/p>\n<p>Observera att giltigt tillst\u00e5nd kr\u00e4vs f\u00f6r att nyttja g\u00e4stparkeringen. Tillst\u00e5ndet ska placeras v\u00e4l synligt i fordonets vindruta. G\u00e4stparkering f\u00e5r endast anv\u00e4ndas av boende i Bostadsr\u00e4ttsf\u00f6reningen Wahlberget. G\u00e4stparkeringen f\u00e5r nyttjas 24 timmar per bes\u00f6kstillf\u00e4lle. Kontrollavgift kan komma att utf\u00e4rdas vid felparkering.<\/p>\n","protected":false},"excerpt":{"rendered":"<p class=\"excerpt\">Brf Wahlberget tillhandah\u00e5ller 12 parkeringsplatser f\u00f6r medlemmar och externa hyresg\u00e4ster. Vill du vara s\u00e4ker p\u00e5 att alltid ha en plats i n\u00e4rheten av din bostad rekommenderar vi att du kontaktar oss! F\u00f6r n\u00e4rvarande \u00e4r det v\u00e4ntlista d\u00e5 vi inte har n\u00e5gra lediga parkeringsplatser. Medlemmar i Brf Wahlberget betalar 400 kronor i m\u00e5naden och externa hyresg\u00e4ster betalar 800 kronor i m\u00e5naden.&hellip;<\/p>\n<p class=\"more-link-p\"><a class=\"btn btn-default\" href=\"https:\/\/wahlberget.se\/?page_id=132\">Read more<\/a><\/p>\n","protected":false},"author":1,"featured_media":0,"parent":0,"menu_order":0,"comment_status":"closed","ping_status":"closed","template":"","meta":[],"_links":{"self":[{"href":"https:\/\/wahlberget.se\/index.php?rest_route=\/wp\/v2\/pages\/132"}],"collection":[{"href":"https:\/\/wahlberget.se\/index.php?rest_route=\/wp\/v2\/pages"}],"about":[{"href":"https:\/\/wahlberget.se\/index.php?rest_route=\/wp\/v2\/types\/page"}],"author":[{"embeddable":true,"href":"https:\/\/wahlberget.se\/index.php?rest_route=\/wp\/v2\/users\/1"}],"replies":[{"embeddable":true,"href":"https:\/\/wahlberget.se\/index.php?rest_route=%2Fwp%2Fv2%2Fcomments&post=132"}],"version-history":[{"count":6,"href":"https:\/\/wahlberget.se\/index.php?rest_route=\/wp\/v2\/pages\/132\/revisions"}],"predecessor-version":[{"id":266,"href":"https:\/\/wahlberget.se\/index.php?rest_route=\/wp\/v2\/pages\/132\/revisions\/266"}],"wp:attachment":[{"href":"https:\/\/wahlberget.se\/index.php?rest_route=%2Fwp%2Fv2%2Fmedia&parent=132"}],"curies":[{"name":"wp","href":"https:\/\/api.w.org\/{rel}","templated":true}]}}