{"id":145,"date":"2015-03-11T13:15:47","date_gmt":"2015-03-11T12:15:47","guid":{"rendered":"http:\/\/wahlberget.se\/?page_id=145"},"modified":"2025-06-04T13:30:26","modified_gmt":"2025-06-04T11:30:26","slug":"tvbredband","status":"publish","type":"page","link":"https:\/\/wahlberget.se\/?page_id=145","title":{"rendered":"TV\/Bredband"},"content":{"rendered":"<p><strong>Bredband<\/strong><br \/>\nBrf Wahlberget har ett s\u00e5 kallat gruppanslutningsavtal med Telenor. Det inneb\u00e4r att bredband ing\u00e5r i medlemsavgiften. Hastigheten \u00e4r 100 Mbit, men g\u00e5r att uppgradera till 1 Gbit f\u00f6r den som s\u00e5 \u00f6nskar. Nya medlemmar betalar en eng\u00e5ngsavgift till Telenor f\u00f6r att ansluta sig.<\/p>\n<p><strong>TV<\/strong><br \/>\nVarje medlem best\u00e4mmer sj\u00e4lv \u00f6ver sitt utbud och betalar via separat faktura.<\/p>\n","protected":false},"excerpt":{"rendered":"<p class=\"excerpt\">Bredband Brf Wahlberget har ett s\u00e5 kallat gruppanslutningsavtal med Telenor. Det inneb\u00e4r att bredband ing\u00e5r i medlemsavgiften. Hastigheten \u00e4r 100 Mbit, men g\u00e5r att uppgradera till 1 Gbit f\u00f6r den som s\u00e5 \u00f6nskar. Nya medlemmar betalar en eng\u00e5ngsavgift till Telenor f\u00f6r att ansluta sig. TV Varje medlem best\u00e4mmer sj\u00e4lv \u00f6ver sitt utbud och betalar via separat faktura.<\/p>\n<p class=\"more-link-p\"><a class=\"btn btn-default\" href=\"https:\/\/wahlberget.se\/?page_id=145\">Read more<\/a><\/p>\n","protected":false},"author":1,"featured_media":0,"parent":0,"menu_order":0,"comment_status":"closed","ping_status":"closed","template":"","meta":[],"_links":{"self":[{"href":"https:\/\/wahlberget.se\/index.php?rest_route=\/wp\/v2\/pages\/145"}],"collection":[{"href":"https:\/\/wahlberget.se\/index.php?rest_route=\/wp\/v2\/pages"}],"about":[{"href":"https:\/\/wahlberget.se\/index.php?rest_route=\/wp\/v2\/types\/page"}],"author":[{"embeddable":true,"href":"https:\/\/wahlberget.se\/index.php?rest_route=\/wp\/v2\/users\/1"}],"replies":[{"embeddable":true,"href":"https:\/\/wahlberget.se\/index.php?rest_route=%2Fwp%2Fv2%2Fcomments&post=145"}],"version-history":[{"count":7,"href":"https:\/\/wahlberget.se\/index.php?rest_route=\/wp\/v2\/pages\/145\/revisions"}],"predecessor-version":[{"id":264,"href":"https:\/\/wahlberget.se\/index.php?rest_route=\/wp\/v2\/pages\/145\/revisions\/264"}],"wp:attachment":[{"href":"https:\/\/wahlberget.se\/index.php?rest_route=%2Fwp%2Fv2%2Fmedia&parent=145"}],"curies":[{"name":"wp","href":"https:\/\/api.w.org\/{rel}","templated":true}]}}