{"id":31,"date":"2012-11-08T10:22:53","date_gmt":"2012-11-08T09:22:53","guid":{"rendered":"http:\/\/wahlberget.se\/?page_id=31"},"modified":"2026-03-12T10:12:44","modified_gmt":"2026-03-12T09:12:44","slug":"dokument","status":"publish","type":"page","link":"https:\/\/wahlberget.se\/?page_id=31","title":{"rendered":"Stadgar &#038; \u00c5rsredovisning"},"content":{"rendered":"<h4>Riktlinjer<\/h4>\n<ul>\n<li>Brf Wahlberget Riktlinjer<\/li>\n<li>https:\/\/wahlberget.se\/wp-content\/uploads\/2026\/03\/250915-Ordningsregler_BRF_Wahlberget.pdf<\/li>\n<\/ul>\n<h4>Stadgar<\/h4>\n<ul>\n<li><a href=\"http:\/\/wahlberget.se\/wp-content\/uploads\/2019\/10\/Stadgar-2019.pdf\">Stadgar Wahlberget<\/a><\/li>\n<\/ul>\n<h4>\u00c5rsredovisningar<\/h4>\n<ul>\n<li>\u00c5rsredovisning 2024<\/li>\n<li><a href=\"http:\/\/wahlberget.se\/wp-content\/uploads\/2025\/06\/A\u030aR-o-RB-2023-PS-Wahlberget.pdf\">\u00c5rsredovisning 2023<\/a><\/li>\n<li><a href=\"http:\/\/wahlberget.se\/wp-content\/uploads\/2025\/06\/Brf-Wahlberget-769613-8820-A\u030arsredovisning-2022.pdf\">A\u030arsredovisning 2022<\/a><\/li>\n<li><a href=\"http:\/\/wahlberget.se\/wp-content\/uploads\/2012\/11\/Brf-Wahlberget-769613-8820-\u00c5rsredovisning-2021.pdf\" target=\"_blank\" rel=\"noopener\">\u00c5rsredovisning 2021<\/a><\/li>\n<li><a href=\"http:\/\/wahlberget.se\/wp-content\/uploads\/2012\/11\/Signerad-\u00c5R-Brf-Wahlberget-2020-1.pdf\">\u00c5rsredovisning 2020<\/a><\/li>\n<li><a href=\"http:\/\/wahlberget.se\/wp-content\/uploads\/2012\/11\/A\u030aR19.pdf\" target=\"_blank\" rel=\"noopener\">\u00c5rsredovisning 2019<\/a><\/li>\n<li><a href=\"http:\/\/wahlberget.se\/wp-content\/uploads\/2019\/04\/A\u030arsredovisning-2018.pdf\" rel=\"\">A\u030arsredovisning 2018<\/a><\/li>\n<li><a href=\"http:\/\/wahlberget.se\/wp-content\/uploads\/2018\/05\/\u00c5rsredovisning.pdf\">\u00c5rsredovisning 2017<\/a><\/li>\n<li><a href=\"http:\/\/wahlberget.se\/wp-content\/uploads\/2012\/11\/\u00c5rsredovisning-2016-Brf-Wahlberget.pdf\" rel=\"\">\u00c5rsredovisning 2016<\/a><\/li>\n<li><a href=\"http:\/\/wahlberget.se\/wp-content\/uploads\/2012\/11\/\u00c5rsredovisning-2015-Brf-Wahlberget.pdf\" rel=\"\">\u00c5rsredovisning 2015<\/a><\/li>\n<li><a href=\"http:\/\/wahlberget.se\/wp-content\/uploads\/2015\/04\/\u00c5rsredovisning-2014-Brf-Wahlberget.pdf\">\u00c5rsredovisning 2014<\/a><\/li>\n<li><a href=\"http:\/\/wahlberget.se\/wp-content\/uploads\/2014\/04\/\u00c5rsredovisning-2013.pdf\">\u00c5rsredovisning 2013<\/a><\/li>\n<\/ul>\n<p><!--more--><\/p>\n","protected":false},"excerpt":{"rendered":"<p class=\"excerpt\">Riktlinjer Brf Wahlberget Riktlinjer https:\/\/wahlberget.se\/wp-content\/uploads\/2026\/03\/250915-Ordningsregler_BRF_Wahlberget.pdf Stadgar Stadgar Wahlberget \u00c5rsredovisningar \u00c5rsredovisning 2024 \u00c5rsredovisning 2023 A\u030arsredovisning 2022 \u00c5rsredovisning 2021 \u00c5rsredovisning 2020 \u00c5rsredovisning 2019 A\u030arsredovisning 2018 \u00c5rsredovisning 2017 \u00c5rsredovisning 2016 \u00c5rsredovisning 2015 \u00c5rsredovisning 2014 \u00c5rsredovisning 2013<\/p>\n<p class=\"more-link-p\"><a class=\"btn btn-default\" href=\"https:\/\/wahlberget.se\/?page_id=31\">Read more<\/a><\/p>\n","protected":false},"author":1,"featured_media":0,"parent":0,"menu_order":2,"comment_status":"closed","ping_status":"closed","template":"","meta":[],"_links":{"self":[{"href":"https:\/\/wahlberget.se\/index.php?rest_route=\/wp\/v2\/pages\/31"}],"collection":[{"href":"https:\/\/wahlberget.se\/index.php?rest_route=\/wp\/v2\/pages"}],"about":[{"href":"https:\/\/wahlberget.se\/index.php?rest_route=\/wp\/v2\/types\/page"}],"author":[{"embeddable":true,"href":"https:\/\/wahlberget.se\/index.php?rest_route=\/wp\/v2\/users\/1"}],"replies":[{"embeddable":true,"href":"https:\/\/wahlberget.se\/index.php?rest_route=%2Fwp%2Fv2%2Fcomments&post=31"}],"version-history":[{"count":32,"href":"https:\/\/wahlberget.se\/index.php?rest_route=\/wp\/v2\/pages\/31\/revisions"}],"predecessor-version":[{"id":284,"href":"https:\/\/wahlberget.se\/index.php?rest_route=\/wp\/v2\/pages\/31\/revisions\/284"}],"wp:attachment":[{"href":"https:\/\/wahlberget.se\/index.php?rest_route=%2Fwp%2Fv2%2Fmedia&parent=31"}],"curies":[{"name":"wp","href":"https:\/\/api.w.org\/{rel}","templated":true}]}}