{"id":50,"date":"2013-03-19T12:13:05","date_gmt":"2013-03-19T11:13:05","guid":{"rendered":"http:\/\/wahlberget.se\/?page_id=50"},"modified":"2014-04-06T08:42:08","modified_gmt":"2014-04-06T06:42:08","slug":"brf-wahlberget","status":"publish","type":"page","link":"https:\/\/wahlberget.se\/?page_id=50","title":{"rendered":"Om"},"content":{"rendered":"<p>I mitten av 1930-talet bodde 85% av stockholmarna i innerstadens hyreshus och bostadssituationen var alarmerande. Tre fj\u00e4rdedelar av de tillg\u00e4ngliga l\u00e4genheterna var sm\u00e5 med, i b\u00e4sta fall, ett rum och k\u00f6k. Flera l\u00e4genheter bestod av bara ett rum, sk spisrum. N\u00e4stan h\u00e4lften av alla l\u00e4genheter var tr\u00e5ngbodda, dvs fler \u00e4n tv\u00e5 personer bodde i varje rum, k\u00f6ket inr\u00e4knat, och vid sekelskiftet hade varannan l\u00e4genhet en eller flera inneboende.<\/p>\n<p>N\u00e4r socialdemokraterna \u00f6vertog regeringsmakten 1932 stod kravet p\u00e5 b\u00e4ttre bost\u00e4der h\u00f6gt p\u00e5 dagordningen. Redan 1904 hade Stockholm stad k\u00f6pt stora jordegendomar i Bromma och Enskede, v\u00e4ster och s\u00f6der om staden. En av de f\u00f6rsta ytterstadsdelar som bebyggdes var S\u00f6dra Hammarby. H\u00e4r v\u00e4xte &#8221;Den vita staden&#8221; fram, ett omr\u00e5de avsett f\u00f6r &#8221;mindre bemedlade, barnrika familjer&#8221; med funktionalistiska stadsplaneideal fr\u00e5n kontinenten som f\u00f6rebild.<\/p>\n<p>Fastigheten Bladbaggen 4 uppf\u00f6rdes 1937, som ett av de h\u00f6gst bel\u00e4gna i Hammarbyh\u00f6jden, med utsikt mot b\u00e5de S\u00f6dermalm, Hammarby sj\u00f6 och Sickla. Merparten av husen i Hammarbyh\u00f6jden \u00e4gdes och f\u00f6rvaltades av privata fastighets\u00e4gare medan en mindre andel var bostadsr\u00e4tter. Bladbaggen 4 var ett privat\u00e4gt hyreshus i knappt sju decennier innan det 2006 ombildades till bostadsr\u00e4ttsf\u00f6rening.<\/p>\n<p><em>K\u00e4lla: &#8221;Den Vita Staden: Hammarbyh\u00f6jden under femtio \u00e5r&#8221; &#8211; Ulrika Sax (1989)<\/em><\/p>\n","protected":false},"excerpt":{"rendered":"<p class=\"excerpt\">I mitten av 1930-talet bodde 85% av stockholmarna i innerstadens hyreshus och bostadssituationen var alarmerande. Tre fj\u00e4rdedelar av de tillg\u00e4ngliga l\u00e4genheterna var sm\u00e5 med, i b\u00e4sta fall, ett rum och k\u00f6k. Flera l\u00e4genheter bestod av bara ett rum, sk spisrum. N\u00e4stan h\u00e4lften av alla l\u00e4genheter var tr\u00e5ngbodda, dvs fler \u00e4n tv\u00e5 personer bodde i varje rum, k\u00f6ket inr\u00e4knat, och vid&hellip;<\/p>\n<p class=\"more-link-p\"><a class=\"btn btn-default\" href=\"https:\/\/wahlberget.se\/?page_id=50\">Read more<\/a><\/p>\n","protected":false},"author":1,"featured_media":0,"parent":0,"menu_order":1,"comment_status":"closed","ping_status":"closed","template":"","meta":[],"_links":{"self":[{"href":"https:\/\/wahlberget.se\/index.php?rest_route=\/wp\/v2\/pages\/50"}],"collection":[{"href":"https:\/\/wahlberget.se\/index.php?rest_route=\/wp\/v2\/pages"}],"about":[{"href":"https:\/\/wahlberget.se\/index.php?rest_route=\/wp\/v2\/types\/page"}],"author":[{"embeddable":true,"href":"https:\/\/wahlberget.se\/index.php?rest_route=\/wp\/v2\/users\/1"}],"replies":[{"embeddable":true,"href":"https:\/\/wahlberget.se\/index.php?rest_route=%2Fwp%2Fv2%2Fcomments&post=50"}],"version-history":[{"count":18,"href":"https:\/\/wahlberget.se\/index.php?rest_route=\/wp\/v2\/pages\/50\/revisions"}],"predecessor-version":[{"id":121,"href":"https:\/\/wahlberget.se\/index.php?rest_route=\/wp\/v2\/pages\/50\/revisions\/121"}],"wp:attachment":[{"href":"https:\/\/wahlberget.se\/index.php?rest_route=%2Fwp%2Fv2%2Fmedia&parent=50"}],"curies":[{"name":"wp","href":"https:\/\/api.w.org\/{rel}","templated":true}]}}