{"id":64,"date":"2013-08-29T14:15:38","date_gmt":"2013-08-29T12:15:38","guid":{"rendered":"http:\/\/wahlberget.se\/?page_id=64"},"modified":"2015-03-13T15:05:19","modified_gmt":"2015-03-13T14:05:19","slug":"andrahandsuthyrning","status":"publish","type":"page","link":"https:\/\/wahlberget.se\/?page_id=64","title":{"rendered":"Andrahandsuthyrning"},"content":{"rendered":"<p>Du m\u00e5ste alltid ha styrelsens tillst\u00e5nd f\u00f6r att f\u00e5 hyra ut i andra hand. Tillst\u00e5nd brukar beviljas f\u00f6r f\u00f6ljande:<\/p>\n<ul>\n<li>Prova p\u00e5 samboboende.<\/li>\n<li>Arbete eller studier p\u00e5 annan ort utanf\u00f6r pendlingsavst\u00e5nd.<\/li>\n<\/ul>\n<p>Ans\u00f6kan om andrahandsuthyrning g\u00e5r till p\u00e5 f\u00f6ljande s\u00e4tt:<\/p>\n<ul>\n<li>Fyll i nedanst\u00e5ende blankett.<\/li>\n<li>Skicka den till <a href=\"styrelsen@wahlberget.se\">styrelsen@wahlberget.se<\/a> eller l\u00e4mna den i styrelsens brevl\u00e5da, Wahlbergsgatan 18.<\/li>\n<li>Bifoga intyg om samboskap eller arbets\/studieintyg.<\/li>\n<li>Vid n\u00e4stkommande styrelsem\u00f6te tas beslut om andrahandsuthyrning godk\u00e4nns eller ej.<\/li>\n<li>Tillst\u00e5nd f\u00f6r andrahandsuthyrning g\u00e4ller i tolv m\u00e5nader. D\u00e4refter m\u00e5ste ny ans\u00f6kan ske.<\/li>\n<\/ul>\n<p>Att t\u00e4nka p\u00e5 vid andrahandsuthyrning:<\/p>\n<ul>\n<li>Som innehavare av bostadsr\u00e4tten \u00e4r du hyresv\u00e4rd.<\/li>\n<li>Du \u00e4r skyldig att ta del av information g\u00e4llande f\u00f6reningen, via utskick i postl\u00e5da och\/eller hemsida.<\/li>\n<li>Du m\u00e5ste se till att f\u00f6reningen vid behov kan komma in i l\u00e4genheten.<\/li>\n<\/ul>\n<p><a href=\"http:\/\/wahlberget.se\/wp-content\/uploads\/2013\/08\/ans_2hand.pdf\">Blankett f\u00f6r andrahandsuthyrning (pdf, 715.8 kB)<\/a><\/p>\n<p>&nbsp;<\/p>\n<p><em>Observera att Brf Wahlberget godk\u00e4nner ej juridiska personer som hyresg\u00e4ster.<\/em><\/p>\n","protected":false},"excerpt":{"rendered":"<p class=\"excerpt\">Du m\u00e5ste alltid ha styrelsens tillst\u00e5nd f\u00f6r att f\u00e5 hyra ut i andra hand. Tillst\u00e5nd brukar beviljas f\u00f6r f\u00f6ljande: Prova p\u00e5 samboboende. Arbete eller studier p\u00e5 annan ort utanf\u00f6r pendlingsavst\u00e5nd. Ans\u00f6kan om andrahandsuthyrning g\u00e5r till p\u00e5 f\u00f6ljande s\u00e4tt: Fyll i nedanst\u00e5ende blankett. Skicka den till styrelsen@wahlberget.se eller l\u00e4mna den i styrelsens brevl\u00e5da, Wahlbergsgatan 18. Bifoga intyg om samboskap eller arbets\/studieintyg.&hellip;<\/p>\n<p class=\"more-link-p\"><a class=\"btn btn-default\" href=\"https:\/\/wahlberget.se\/?page_id=64\">Read more<\/a><\/p>\n","protected":false},"author":1,"featured_media":0,"parent":0,"menu_order":3,"comment_status":"closed","ping_status":"closed","template":"","meta":[],"_links":{"self":[{"href":"https:\/\/wahlberget.se\/index.php?rest_route=\/wp\/v2\/pages\/64"}],"collection":[{"href":"https:\/\/wahlberget.se\/index.php?rest_route=\/wp\/v2\/pages"}],"about":[{"href":"https:\/\/wahlberget.se\/index.php?rest_route=\/wp\/v2\/types\/page"}],"author":[{"embeddable":true,"href":"https:\/\/wahlberget.se\/index.php?rest_route=\/wp\/v2\/users\/1"}],"replies":[{"embeddable":true,"href":"https:\/\/wahlberget.se\/index.php?rest_route=%2Fwp%2Fv2%2Fcomments&post=64"}],"version-history":[{"count":9,"href":"https:\/\/wahlberget.se\/index.php?rest_route=\/wp\/v2\/pages\/64\/revisions"}],"predecessor-version":[{"id":154,"href":"https:\/\/wahlberget.se\/index.php?rest_route=\/wp\/v2\/pages\/64\/revisions\/154"}],"wp:attachment":[{"href":"https:\/\/wahlberget.se\/index.php?rest_route=%2Fwp%2Fv2%2Fmedia&parent=64"}],"curies":[{"name":"wp","href":"https:\/\/api.w.org\/{rel}","templated":true}]}}